{"id":5,"date":"2014-08-14T08:11:38","date_gmt":"2014-08-14T08:11:38","guid":{"rendered":"http:\/\/virxedarocha.com\/?page_id=5"},"modified":"2025-08-14T08:04:22","modified_gmt":"2025-08-14T08:04:22","slug":"historia","status":"publish","type":"page","link":"https:\/\/virxedarocha.com\/?page_id=5","title":{"rendered":"HISTORIA"},"content":{"rendered":"<p>Seg\u00fan antiguos datos, la Fiesta de la Virgen de la Rocha viene celebr\u00e1ndose desde el siglo XIX.<\/p>\n<p>Se dice que el Domingo 28 de Mayo del a\u00f1o 1822, en Carnaxide, una fregues\u00eda muy cerca de Lisboa, a orillas del r\u00edo Jamor, un conocido cazador de esa zona al perseguir a un conejo que hab\u00edan visto unos ni\u00f1os, se adentr\u00f3 en una Cueva donde sorprendentemente encontr\u00f3 una imagen peque\u00f1a, cubierta con un manto muy desecho a causa de la humedad, se trataba de la imagen de la <strong>VIRGEN<\/strong>.<\/p>\n<p>En este lugar y encima de la cueva, se encuentra una peque\u00f1a capilla dedicada a la <strong>VIRGEN<\/strong>, la cual tiene muchos devotos.<\/p>\n<p>Vecinos de Caldelas que trabajaban por all\u00ed, hicieron todo lo posible por conseguir una reproducci\u00f3n de la <strong>Virgen de la Rocha<\/strong> y consiguieron traerla a Caldelas. Se hizo el cambio de <strong>La Virgen de la Rocha<\/strong> \u00a0por el santo \u00abSan Obido\u00bb que hab\u00eda en Caldelas.<\/p>\n<p>Esta fiesta, aprobada por el Obispo de Tui el <strong>16 de Noviembre de 1927<\/strong>, coincide con la Dominica de la Sant\u00edsima Trinidad. Por eso, la fiesta se celebra todos los a\u00f1os, 4 d\u00edas del \u00faltimo fin de semana de agosto, que contenga el Domingo. (S\u00e1bado, Domingo, Lunes y Martes).<\/p>\n<p>Al principio, la Fiesta se celebraba en la iglesia Parroquial, pero sobre el a\u00f1o 1945 fu\u00e9 trasladada a la Ribera del Mi\u00f1o, ya que se dispone de un amplio y maravilloso espacio para la <strong>Celebraci\u00f3n<\/strong> de una de la <strong>mejores Fiestas de los alrededores<\/strong>.<\/p>\n<p>Las <strong>Misas<\/strong> se celebraban en la Iglesia Parroquial, y al finalizar se realizaba la procesi\u00f3n hacia la Capilla, pero desde el a\u00f1o 2013, el Domingo y Lunes se viene realizando en un anexo al recinto de Fiesta al aire libre, siendo esta idea muy bien acogida por la vecindad asistente a este acto, celebr\u00e1ndose igualmente la Procesi\u00f3n por las inmediaciones hacia la Capilla. Al finalizar esta los asistentes \u00a0pueden disfrutar de un Concierto de la habitual y excelente Banda de M\u00fasica de Tui, pudiendo adem\u00e1s degustar el que lo desee los aperitivos t\u00edpicos de ma\u00f1ana y comprar lo que quiera en los Bares y Rosquilleiras del Recinto de la Fiesta.<\/p>\n<p>Los <strong>Actos Religiosos<\/strong> actualmente se celebran de la siguiente manera:<\/p>\n<p><strong>S\u00e1bado<\/strong> (20:00) Misa en la <strong>Iglesia Parroquial<\/strong> con posterior procesi\u00f3n acompa\u00f1ada de m\u00fasica, hasta la Capilla.<\/p>\n<p><strong>Domingo<\/strong> (10:30) Misa en la <strong>Iglesia Parroquial<\/strong> con presencia tambi\u00e9n de la Santa.<\/p>\n<p>(12:00) Misa Solemne en la Finca del Balneario (anexo al <strong>Recinto de la Fiesta<\/strong>), con procesi\u00f3n acompa\u00f1ada de M\u00fasica.<\/p>\n<p><strong>Lunes<\/strong> (12:00) Misa Solemne en la Finca del Balneario (anexo al <strong>Recinto de la Fiesta<\/strong>), con procesi\u00f3n acompa\u00f1ada de M\u00fasica.<\/p>\n<p><strong>Martes<\/strong> (12:00) Misa en la <strong>Capilla<\/strong> con procesi\u00f3n hasta la Iglesia Parroquial.<\/p>\n<p>Las misas normalmente son cantadas por un <strong>CORO<\/strong>.<\/p>\n<p><span style=\"color: #000000;\">Desde hace unos a\u00f1os como anticipo de las fiestas, se celebra el \u00ab<strong>Rocha Rock &#8211; Caldelas Fest<\/strong>\u00ab, un festival de Rock. en el que actuaban grupos de los alrededores, actualmente continua esta tradici\u00f3n con adem\u00e1s, actuaciones musicales con <strong>D&#8217;Js y Gogos<\/strong> en la <strong>Carpa de la Rocha<\/strong>, que da comienzo a las Fiestas desde el Viernes a partir de las 24:00&#8230;<\/span><\/p>\n<p>La <strong>Comisi\u00f3n<\/strong> que organiza la Fiesta Principal de la Virgen de la Rocha durante el a\u00f1o realiza otras para recaudar Fondos para esta, como la Fiesta del Chorizo, Cacheira, Churrasco&#8230; as\u00ed como otras actividades con el mismo fin.<\/p>\n<p>Aunque muchas veces, es una Fiestas, que la organiza un Grupo de Vecinos con menos de un mes de antelaci\u00f3n, para as\u00ed poder celebrar y disfrutar, todo el que quiera estos 4 dias de Celebraci\u00f3n, en el maravilloso entorno de la Ribera de Caldelas de Tui.<\/p>\n<p>De los cuatro d\u00edas de celebraci\u00f3n, el<strong> Lunes destaca especialmente<\/strong> por ser el <strong>d\u00eda de la EMPANADA<\/strong>, donde miles de personas se re\u00fanen para comer las empanadas que en su mayor\u00eda ellos mismo traen, no pudiendo faltar el <strong>Vino<\/strong> y la <strong>Queimada<\/strong>. \u00a0\u00c9ste d\u00eda, es cada vez m\u00e1s popular, cada a\u00f1o mas gente y mas temprano acude para reservar una sitio donde poder ponerse en la Ribera del Rio Mi\u00f1o.<\/p>\n<p>Como an\u00e9cdota, cuentan l<span style=\"color: #000000;\">os mas viejos del lugar que\u00a0\u00a0antiguamente los m\u00e1s picaros, hac\u00edan una empanada con carozos de ma\u00edz, se dejaban en cualquier bar \u00a0para que se la cuidara y al cabo de un rato volv\u00edan a recogerla y ped\u00edan otra distinta, provocando la ira del que hab\u00eda sido enga\u00f1ado.<\/span><\/p>\n<p>Al finalizar la cena, la fiesta est\u00e1 amenizada con Orquestas y Romer\u00eda.<\/p>\n","protected":false},"excerpt":{"rendered":"<p>Seg\u00fan antiguos datos, la Fiesta de la Virgen de la Rocha viene celebr\u00e1ndose desde el siglo XIX. Se dice que el Domingo 28 de Mayo del a\u00f1o 1822, en Carnaxide, una fregues\u00eda muy cerca de Lisboa, a orillas del r\u00edo Jamor, un conocido cazador de esa zona al perseguir a&#8230;<\/p>\n","protected":false},"author":9192192,"featured_media":0,"parent":0,"menu_order":0,"comment_status":"closed","ping_status":"closed","template":"","meta":{"footnotes":""},"class_list":["post-5","page","type-page","status-publish","hentry"],"aioseo_notices":[],"_links":{"self":[{"href":"https:\/\/virxedarocha.com\/index.php?rest_route=\/wp\/v2\/pages\/5","targetHints":{"allow":["GET"]}}],"collection":[{"href":"https:\/\/virxedarocha.com\/index.php?rest_route=\/wp\/v2\/pages"}],"about":[{"href":"https:\/\/virxedarocha.com\/index.php?rest_route=\/wp\/v2\/types\/page"}],"author":[{"embeddable":true,"href":"https:\/\/virxedarocha.com\/index.php?rest_route=\/wp\/v2\/users\/9192192"}],"replies":[{"embeddable":true,"href":"https:\/\/virxedarocha.com\/index.php?rest_route=%2Fwp%2Fv2%2Fcomments&post=5"}],"version-history":[{"count":13,"href":"https:\/\/virxedarocha.com\/index.php?rest_route=\/wp\/v2\/pages\/5\/revisions"}],"predecessor-version":[{"id":505,"href":"https:\/\/virxedarocha.com\/index.php?rest_route=\/wp\/v2\/pages\/5\/revisions\/505"}],"wp:attachment":[{"href":"https:\/\/virxedarocha.com\/index.php?rest_route=%2Fwp%2Fv2%2Fmedia&parent=5"}],"curies":[{"name":"wp","href":"https:\/\/api.w.org\/{rel}","templated":true}]}}