{"id":489,"date":"2019-08-06T15:31:49","date_gmt":"2019-08-06T15:31:49","guid":{"rendered":"http:\/\/virxedarocha.com\/?page_id=489"},"modified":"2019-09-01T16:25:38","modified_gmt":"2019-09-01T16:25:38","slug":"comision-2019","status":"publish","type":"page","link":"https:\/\/virxedarocha.com\/?page_id=489","title":{"rendered":"Comision 2019"},"content":{"rendered":"<p><strong>Formada Oficialmente el 9 de Julio de 2019<\/strong>, tras reunirse en Casa O Casqueiro, acuerdan organizar la Fiesta los siguientes 20 Vecinos:<\/p>\n<p><strong>Presidente:<\/strong> Jose Nu\u00f1ez Ferreira<br \/>\n<strong>Vicepresidente:<\/strong> Francisco Perez Garrido<br \/>\n<strong>Tesorero:<\/strong> Alberto Caldas Nu\u00f1ez<br \/>\n<strong>Secretario:<\/strong> Jose Luis Nu\u00f1ez Martinez<br \/>\n<strong>Vocales:<\/strong><br \/>\nJose Alvarez Fernandez<br \/>\nM\u00aa Sonia Fernandez Madarnas<br \/>\nPatricia Villaverde Miguez<br \/>\nSandra Lopez Lages<br \/>\nIvan Madarnas Perez<br \/>\nCarmen Paula Gomez Perez<br \/>\nEnrique Perez Cabaleiro<br \/>\nAna Cabaleiro Alonso<br \/>\nManuel Alejandro Fernandez Garrido<br \/>\nRuben Alonso Iglesias<br \/>\nRosa M\u00aa Perez<br \/>\nVictor Dias Paramos<br \/>\nEva M\u00aa Martinez Brandariz<br \/>\nM\u00aa Sonia Fernandez Madarnas<br \/>\nLara Martinez Fernandez<br \/>\nManuel Madarnas Perez<br \/>\nMoises Martinez Fernandez<\/p>\n<h4>GRACIAS A TODOS POR HACER POSIBLE ESTAS FIESTAS<\/h4>\n<p>&nbsp;<\/p>\n","protected":false},"excerpt":{"rendered":"<p>Formada Oficialmente el 9 de Julio de 2019, tras reunirse en Casa O Casqueiro, acuerdan organizar la Fiesta los siguientes 20 Vecinos: Presidente: Jose Nu\u00f1ez Ferreira Vicepresidente: Francisco Perez Garrido Tesorero: Alberto Caldas Nu\u00f1ez Secretario: Jose Luis Nu\u00f1ez Martinez Vocales: Jose Alvarez Fernandez M\u00aa Sonia Fernandez Madarnas Patricia Villaverde Miguez&#8230;<\/p>\n","protected":false},"author":9192192,"featured_media":0,"parent":0,"menu_order":0,"comment_status":"closed","ping_status":"closed","template":"","meta":{"footnotes":""},"class_list":["post-489","page","type-page","status-publish","hentry"],"aioseo_notices":[],"_links":{"self":[{"href":"https:\/\/virxedarocha.com\/index.php?rest_route=\/wp\/v2\/pages\/489","targetHints":{"allow":["GET"]}}],"collection":[{"href":"https:\/\/virxedarocha.com\/index.php?rest_route=\/wp\/v2\/pages"}],"about":[{"href":"https:\/\/virxedarocha.com\/index.php?rest_route=\/wp\/v2\/types\/page"}],"author":[{"embeddable":true,"href":"https:\/\/virxedarocha.com\/index.php?rest_route=\/wp\/v2\/users\/9192192"}],"replies":[{"embeddable":true,"href":"https:\/\/virxedarocha.com\/index.php?rest_route=%2Fwp%2Fv2%2Fcomments&post=489"}],"version-history":[{"count":4,"href":"https:\/\/virxedarocha.com\/index.php?rest_route=\/wp\/v2\/pages\/489\/revisions"}],"predecessor-version":[{"id":534,"href":"https:\/\/virxedarocha.com\/index.php?rest_route=\/wp\/v2\/pages\/489\/revisions\/534"}],"wp:attachment":[{"href":"https:\/\/virxedarocha.com\/index.php?rest_route=%2Fwp%2Fv2%2Fmedia&parent=489"}],"curies":[{"name":"wp","href":"https:\/\/api.w.org\/{rel}","templated":true}]}}