{"id":104,"date":"2014-08-19T15:21:07","date_gmt":"2014-08-19T15:21:07","guid":{"rendered":"http:\/\/virxedarocha.com\/?page_id=104"},"modified":"2025-08-14T08:04:40","modified_gmt":"2025-08-14T08:04:40","slug":"miercoles","status":"publish","type":"page","link":"https:\/\/virxedarocha.com\/?page_id=104","title":{"rendered":"S\u00e1bado"},"content":{"rendered":"<p>S\u00e1bado, D\u00eda de <strong>Comienzo<\/strong> de las Grandes y Maravillosas <strong>Fiestas en Honor a la Virgen de la Rocha<\/strong>.<\/p>\n<p>Desde por la ma\u00f1ana temprano el <strong>Grupo de Gaitas de Caldelas<\/strong>, sale en tractor\/es con remolque y plataforma preparada para la ocasi\u00f3n, a anunciar el Comienzo de las Fiestas, visitando toda la Parroquia de Caldelas y Agrela (barrio que aunque sin ser de Caldelas, se considera como si lo fuera), con una Gran acogida y recibimiento, son agasajados con pinchos y aperitivos que en casos parecen mismo de una Boda&#8230;<\/p>\n<p>Al mediod\u00eda Gran<strong> Tirada de Fuegos de Artificio<\/strong>, como anuncio del inicio de las Fiestas de la Rocha de Caldelas de Tui.<\/p>\n<p>Por la <strong>Tarde<\/strong> en el Campo de Futbol:<strong> FOXO de Caldelas,\u00a0<\/strong>habitualmente se juega el<strong> Trofeo Virgen de la Rocha<\/strong> entre el equipo local <strong>CALDELAS C.F.<\/strong> y un rival importante de la zona.<\/p>\n<p>A la noche Gran Verbena amenizada como siempre por Grandes Orquestas&#8230;<\/p>\n","protected":false},"excerpt":{"rendered":"<p>S\u00e1bado, D\u00eda de Comienzo de las Grandes y Maravillosas Fiestas en Honor a la Virgen de la Rocha. Desde por la ma\u00f1ana temprano el Grupo de Gaitas de Caldelas, sale en tractor\/es con remolque y plataforma preparada para la ocasi\u00f3n, a anunciar el Comienzo de las Fiestas, visitando toda la&#8230;<\/p>\n","protected":false},"author":9192192,"featured_media":178,"parent":0,"menu_order":0,"comment_status":"closed","ping_status":"closed","template":"","meta":{"footnotes":""},"class_list":["post-104","page","type-page","status-publish","has-post-thumbnail","hentry"],"aioseo_notices":[],"_links":{"self":[{"href":"https:\/\/virxedarocha.com\/index.php?rest_route=\/wp\/v2\/pages\/104","targetHints":{"allow":["GET"]}}],"collection":[{"href":"https:\/\/virxedarocha.com\/index.php?rest_route=\/wp\/v2\/pages"}],"about":[{"href":"https:\/\/virxedarocha.com\/index.php?rest_route=\/wp\/v2\/types\/page"}],"author":[{"embeddable":true,"href":"https:\/\/virxedarocha.com\/index.php?rest_route=\/wp\/v2\/users\/9192192"}],"replies":[{"embeddable":true,"href":"https:\/\/virxedarocha.com\/index.php?rest_route=%2Fwp%2Fv2%2Fcomments&post=104"}],"version-history":[{"count":10,"href":"https:\/\/virxedarocha.com\/index.php?rest_route=\/wp\/v2\/pages\/104\/revisions"}],"predecessor-version":[{"id":509,"href":"https:\/\/virxedarocha.com\/index.php?rest_route=\/wp\/v2\/pages\/104\/revisions\/509"}],"wp:featuredmedia":[{"embeddable":true,"href":"https:\/\/virxedarocha.com\/index.php?rest_route=\/wp\/v2\/media\/178"}],"wp:attachment":[{"href":"https:\/\/virxedarocha.com\/index.php?rest_route=%2Fwp%2Fv2%2Fmedia&parent=104"}],"curies":[{"name":"wp","href":"https:\/\/api.w.org\/{rel}","templated":true}]}}